{"id":2062,"date":"2024-12-19T12:43:42","date_gmt":"2024-12-19T11:43:42","guid":{"rendered":"https:\/\/www.linea-diagonal.com\/politique-de-confidentialite\/"},"modified":"2025-03-20T08:16:21","modified_gmt":"2025-03-20T07:16:21","slug":"politique-de-confidentialite","status":"publish","type":"page","link":"https:\/\/www.linea-diagonal.com\/fr\/politique-de-confidentialite\/","title":{"rendered":"Politique de confidentialit\u00e9"},"content":{"rendered":"\n<h2 class=\"wp-block-heading\">Informations de base sur la Protection des Donn\u00e9es<\/h2>\n\n<ul class=\"wp-block-list\">\n<li><strong>Responsable:<\/strong> LINEA DIAGONAL INTERNACIONAL, S.L.U.<\/li>\n\n\n\n<li><strong>Nom Commercial:<\/strong> LINEA DIAGONAL<\/li>\n\n\n\n<li><strong>Finalit\u00e9:<\/strong> Vous informer sur les produits \/ services publi\u00e9s sur notre site web.<\/li>\n\n\n\n<li><strong>L\u00e9gitimation:<\/strong> Consentement de l&rsquo;int\u00e9ress\u00e9.<\/li>\n\n\n\n<li><strong>Destinataires:<\/strong> Aucune donn\u00e9e ne sera transmise \u00e0 des tiers, sauf obligation l\u00e9gale.<\/li>\n\n\n\n<li><strong>Droits:<\/strong> Vous avez le droit d\u2019acc\u00e9der, de rectifier et de supprimer vos donn\u00e9es, ainsi que d\u2019exercer d\u2019autres droits d\u00e9taill\u00e9s dans les informations suppl\u00e9mentaires.<\/li>\n\n\n\n<li><strong>Localisation:<\/strong> Vous pouvez consulter les informations suppl\u00e9mentaires et d\u00e9taill\u00e9es sur la protection des donn\u00e9es dans la section <a href=\"https:\/\/www.linea-diagonal.com\/fr\/\" target=\"_blank\" rel=\"noreferrer noopener\">MENTIONS L\u00c9GALES<\/a> ou PROTECTION DES DONN\u00c9ES, disponible sur ce site web.<\/li>\n<\/ul>\n\n<h2 class=\"wp-block-heading\">Identit\u00e9 du responsable du traitement<\/h2>\n\n<ul class=\"wp-block-list\">\n<li><strong>Identit\u00e9:<\/strong> LINEA DIAGONAL INTERNACIONAL, S.L.U. \u2013 CIF: B30726137<\/li>\n\n\n\n<li><strong>Adresse Postale: <\/strong> P.I. CLOT DE MOJA \u2013 C\/ULL DE LLEBRE, 13, BAJO 1 \u2013 08734 \u2013 OLERDOLA \u2013 BARCELONA<\/li>\n\n\n\n<li><strong>T\u00e9l\u00e9phone:<\/strong> <a href=\"tel:+34938915349\">+34 93 891 53 49<\/a><\/li>\n\n\n\n<li><strong>E-Mail:<\/strong> <a href=\"mailto:info@linea-diagonal.com\">info@linea-diagonal.com<\/a><\/li>\n<\/ul>\n\n<h2 class=\"wp-block-heading\">Finalit\u00e9s<\/h2>\n\n<ul class=\"wp-block-list\">\n<li>G\u00e9rer administrativement et commercialement les utilisateurs du site web ou les clients.<\/li>\n\n\n\n<li>R\u00e9aliser des actions marketing, des offres et de la publicit\u00e9 sur les produits et services de l\u2019entreprise.<\/li>\n\n\n\n<li>G\u00e9rer l\u2019envoi des informations demand\u00e9es et proposer des services d\u2019int\u00e9r\u00eat aux utilisateurs.<\/li>\n\n\n\n<li>Offrir des produits et services adapt\u00e9s aux int\u00e9r\u00eats des utilisateurs et am\u00e9liorer leur exp\u00e9rience sur le site en fonction des informations fournies.<\/li>\n<\/ul>\n\n<h2 class=\"wp-block-heading\">Conservation<\/h2>\n\n<p><strong>D\u00e9lais ou crit\u00e8res de conservation des donn\u00e9es:<\/strong> Les donn\u00e9es personnelles fournies seront conserv\u00e9es tant que la relation commerciale sera maintenue, \u00e0 moins que l\u2019int\u00e9ress\u00e9 ne demande leur suppression, ou pendant 1 an \u00e0 compter de la derni\u00e8re confirmation d\u2019int\u00e9r\u00eat.<\/p>\n\n<h2 class=\"wp-block-heading\">D\u00e9cisions<\/h2>\n\n<p><strong>D\u00e9cisions automatis\u00e9es, profilage et logique appliqu\u00e9e:<\/strong> L&rsquo;entreprise ne prendra <strong>PAS<\/strong> de d\u00e9cisions automatis\u00e9es.<\/p>\n\n<h2 class=\"wp-block-heading\">L\u00e9gitimation<\/h2>\n\n<p><strong>L\u00e9gitimation par consentement de l&rsquo;int\u00e9ress\u00e9:<\/strong> La soci\u00e9t\u00e9 demandera le consentement explicite de l\u2019utilisateur avant de collecter ses donn\u00e9es. Pour cela, un formulaire \u00e9lectronique est mis \u00e0 disposition sur le site web. Il n\u2019est pas possible de poursuivre le processus sans que l\u2019utilisateur clique et accepte le traitement de ses donn\u00e9es.<\/p>\n\n<h2 class=\"wp-block-heading\">Destinataires<\/h2>\n\n<p>Pendant la dur\u00e9e du traitement, LINEA DIAGONAL INTERNACIONAL, S.L.U. Il <strong>NE<\/strong> proc\u00e9dera \u00e0 aucune cession, sauf obligation l\u00e9gale, ni \u00e0 aucun transfert.<\/p>\n\n<h2 class=\"wp-block-heading\">Droits<\/h2>\n\n<p>L\u2019utilisateur peut exercer les droits suivants:<\/p>\n\n<ul class=\"wp-block-list\">\n<li>Droit d\u2019acc\u00e8s \u00e0 ses donn\u00e9es personnelles.<\/li>\n\n\n\n<li>Droit de rectification ou de suppression des donn\u00e9es.<\/li>\n\n\n\n<li>Droit de limitation du traitement de ses donn\u00e9es.<\/li>\n\n\n\n<li>Droit d\u2019opposition au traitement.<\/li>\n\n\n\n<li>Droit \u00e0 la portabilit\u00e9 des donn\u00e9es.<\/li>\n\n\n\n<li>Droit de retirer son consentement \u00e0 tout moment.<\/li>\n<\/ul>\n\n<p>Vous pouvez utiliser les formulaires mis \u00e0 disposition par l\u2019entreprise ou envoyer une demande \u00e9crite \u00e0:<\/p>\n\n<p><strong>LINEA DIAGONAL INTERNACIONAL, S.L.U.<\/strong><br\/>P.I. CLOT DE MOJA \u2013 C\/ULL DE LLEBRE, 13, BAJO 1 \u2013 08734 \u2013 OLERDOLA \u2013 BARCELONA<br\/><strong>E-Mail:<\/strong> <a href=\"mailto:info@linea-diagonal.com\">info@linea-diagonal.com<\/a><\/p>\n\n<p>En outre, l&rsquo;int\u00e9ress\u00e9 peut contacter l&rsquo;<strong>Autorit\u00e9 de Contr\u00f4le <\/strong>de protection des donn\u00e9es comp\u00e9tente pour obtenir des informations compl\u00e9mentaires ou introduire une r\u00e9clamation.<\/p>\n","protected":false},"excerpt":{"rendered":"<p>Informations de base sur la Protection des Donn\u00e9es Identit\u00e9 du responsable du traitement Finalit\u00e9s Conservation D\u00e9lais ou crit\u00e8res de conservation des donn\u00e9es: Les donn\u00e9es personnelles fournies seront conserv\u00e9es tant que la relation commerciale sera maintenue, \u00e0 moins que l\u2019int\u00e9ress\u00e9 ne demande leur suppression, ou pendant 1 an \u00e0 compter de la derni\u00e8re confirmation d\u2019int\u00e9r\u00eat. D\u00e9cisions [&hellip;]<\/p>\n","protected":false},"author":1,"featured_media":0,"parent":0,"menu_order":0,"comment_status":"closed","ping_status":"closed","template":"","meta":{"_et_pb_use_builder":"off","_et_pb_old_content":"","_et_gb_content_width":"","footnotes":""},"class_list":["post-2062","page","type-page","status-publish","hentry"],"_links":{"self":[{"href":"https:\/\/www.linea-diagonal.com\/fr\/wp-json\/wp\/v2\/pages\/2062","targetHints":{"allow":["GET"]}}],"collection":[{"href":"https:\/\/www.linea-diagonal.com\/fr\/wp-json\/wp\/v2\/pages"}],"about":[{"href":"https:\/\/www.linea-diagonal.com\/fr\/wp-json\/wp\/v2\/types\/page"}],"author":[{"embeddable":true,"href":"https:\/\/www.linea-diagonal.com\/fr\/wp-json\/wp\/v2\/users\/1"}],"replies":[{"embeddable":true,"href":"https:\/\/www.linea-diagonal.com\/fr\/wp-json\/wp\/v2\/comments?post=2062"}],"version-history":[{"count":1,"href":"https:\/\/www.linea-diagonal.com\/fr\/wp-json\/wp\/v2\/pages\/2062\/revisions"}],"predecessor-version":[{"id":2063,"href":"https:\/\/www.linea-diagonal.com\/fr\/wp-json\/wp\/v2\/pages\/2062\/revisions\/2063"}],"wp:attachment":[{"href":"https:\/\/www.linea-diagonal.com\/fr\/wp-json\/wp\/v2\/media?parent=2062"}],"curies":[{"name":"wp","href":"https:\/\/api.w.org\/{rel}","templated":true}]}}