{"id":2066,"date":"2025-02-20T12:16:19","date_gmt":"2025-02-20T11:16:19","guid":{"rendered":"https:\/\/www.linea-diagonal.com\/politique-de-qualite-et-environnement\/"},"modified":"2025-03-20T09:39:54","modified_gmt":"2025-03-20T08:39:54","slug":"politique-de-qualite-et-environnement","status":"publish","type":"page","link":"https:\/\/www.linea-diagonal.com\/fr\/politique-de-qualite-et-environnement\/","title":{"rendered":"Politique de qualit\u00e9 et d\u2019environnement"},"content":{"rendered":"\n<p>Linea Diagonal Internacional, S.L.U. est une entreprise sp\u00e9cialis\u00e9e dans le transport international de tous types de marchandises entre la p\u00e9ninsule Ib\u00e9rique et les pays scandinaves.<\/p>\n\n<p>Notre objectif est d\u2019assurer la planification, l\u2019organisation, la gestion et le contr\u00f4le de toutes les activit\u00e9s permettant d\u2019assurer le transport des marchandises. Pour cela, nous disposons d\u2019une \u00e9quipe humaine dot\u00e9e d\u2019une forte vocation de service, ainsi que des moyens techniques et logistiques les plus efficaces pour satisfaire les besoins de nos clients, avec un engagement maximal envers la qualit\u00e9 et la protection de l\u2019environnement. <\/p>\n\n<p>En tant qu\u2019organisation sp\u00e9cialis\u00e9e dans les services logistiques et de transport, nous consid\u00e9rons comme principes fondamentaux de notre gestion, r\u00e9pondre aux besoins des parties prenantes (clients, employ\u00e9s, fournisseurs et environnement socio-environnemental), d\u00e9finir et d\u00e9velopper un Syst\u00e8me de Gestion Int\u00e9gr\u00e9 et respecter les normes UNE-EN-ISO 9001:2015 et UNE-EN-ISO 14001:2015. \u00c0 travers ces engagements, nous nous engageons \u00e0 :<\/p>\n\n<ul class=\"wp-block-list\">\n<li>R\u00e9pondre et d\u00e9passer les attentes de nos clients, en nous engageant \u00e0 maintenir la s\u00e9curit\u00e9, la qualit\u00e9 et l\u2019int\u00e9grit\u00e9 du produit pendant le transport, en nous dotant pour cela de la meilleure technologie du march\u00e9, en \u00e9tant flexibles et adaptables \u00e0 leurs besoins, en offrant des informations en temps r\u00e9el et en assurant une gestion imm\u00e9diate des incidents.<\/li>\n<\/ul>\n\n<ul class=\"wp-block-list\">\n<li>Impliquer pleinement notre personnel dans toutes les activit\u00e9s de l\u2019entreprise : En favorisant le travail en \u00e9quipe, en garantissant un environnement de travail s\u00fbr et motivant, et en valorisant les comp\u00e9tences professionnelles de chacun.<\/li>\n<\/ul>\n\n<ul class=\"wp-block-list\">\n<li>S\u00e9lectionner des fournisseurs capables de fournir un service de qualit\u00e9 et respectueux de l\u2019environnement. Nous promouvons leur d\u00e9veloppement professionnel et personnel, et nous garantissons leur comp\u00e9tence technique. <\/li>\n<\/ul>\n\n<ul class=\"wp-block-list\">\n<li>Offrir un service de qualit\u00e9, avec du personnel qualifi\u00e9 pour r\u00e9pondre aux demandes de nos clients. Nous nous engageons \u00e0 garantir une satisfaction totale en mati\u00e8re de prix comp\u00e9titif, de rapidit\u00e9 et de s\u00e9curit\u00e9 du service. Nous maintenons une attitude positive, ainsi qu\u2019une communication constante et personnalis\u00e9e tout au long du service.  <\/li>\n<\/ul>\n\n<ul class=\"wp-block-list\">\n<li>Respecter la l\u00e9gislation et la r\u00e9glementation environnementale en vigueur et progresser vers l\u2019application volontaire d\u2019autres exigences auxquelles nous souscrivons, ainsi que vers la pr\u00e9vention de la pollution.<\/li>\n<\/ul>\n\n<p>Linea Diagonal Internacional, S.L.U. s\u2019engage dans une am\u00e9lioration continue de ses services, c\u2019est pourquoi nous fixons des objectifs en mati\u00e8re de qualit\u00e9 et de gestion environnementale, nous \u00e9tablissons cette politique d\u2019entreprise, nous la r\u00e9visons p\u00e9riodiquement et nous la diffusons \u00e0 l\u2019ensemble du personnel de notre organisation.<br\/><\/p>\n\n<p class=\"has-text-align-right\">Diego C\u00e1novas Kastenm\u00fcller<br\/>15 de diciembre 2017<\/p>\n","protected":false},"excerpt":{"rendered":"<p>Linea Diagonal Internacional, S.L.U. est une entreprise sp\u00e9cialis\u00e9e dans le transport international de tous types de marchandises entre la p\u00e9ninsule Ib\u00e9rique et les pays scandinaves. Notre objectif est d\u2019assurer la planification, l\u2019organisation, la gestion et le contr\u00f4le de toutes les activit\u00e9s permettant d\u2019assurer le transport des marchandises. Pour cela, nous disposons d\u2019une \u00e9quipe humaine dot\u00e9e [&hellip;]<\/p>\n","protected":false},"author":1,"featured_media":0,"parent":0,"menu_order":0,"comment_status":"closed","ping_status":"closed","template":"","meta":{"_et_pb_use_builder":"off","_et_pb_old_content":"","_et_gb_content_width":"","footnotes":""},"class_list":["post-2066","page","type-page","status-publish","hentry"],"_links":{"self":[{"href":"https:\/\/www.linea-diagonal.com\/fr\/wp-json\/wp\/v2\/pages\/2066","targetHints":{"allow":["GET"]}}],"collection":[{"href":"https:\/\/www.linea-diagonal.com\/fr\/wp-json\/wp\/v2\/pages"}],"about":[{"href":"https:\/\/www.linea-diagonal.com\/fr\/wp-json\/wp\/v2\/types\/page"}],"author":[{"embeddable":true,"href":"https:\/\/www.linea-diagonal.com\/fr\/wp-json\/wp\/v2\/users\/1"}],"replies":[{"embeddable":true,"href":"https:\/\/www.linea-diagonal.com\/fr\/wp-json\/wp\/v2\/comments?post=2066"}],"version-history":[{"count":1,"href":"https:\/\/www.linea-diagonal.com\/fr\/wp-json\/wp\/v2\/pages\/2066\/revisions"}],"predecessor-version":[{"id":2067,"href":"https:\/\/www.linea-diagonal.com\/fr\/wp-json\/wp\/v2\/pages\/2066\/revisions\/2067"}],"wp:attachment":[{"href":"https:\/\/www.linea-diagonal.com\/fr\/wp-json\/wp\/v2\/media?parent=2066"}],"curies":[{"name":"wp","href":"https:\/\/api.w.org\/{rel}","templated":true}]}}