{"id":2069,"date":"2025-02-06T16:08:45","date_gmt":"2025-02-06T15:08:45","guid":{"rendered":"https:\/\/www.linea-diagonal.com\/certificats\/"},"modified":"2025-03-20T08:47:46","modified_gmt":"2025-03-20T07:47:46","slug":"certificats","status":"publish","type":"page","link":"https:\/\/www.linea-diagonal.com\/fr\/certificats\/","title":{"rendered":"Certificats"},"content":{"rendered":"<p>[et_pb_section fb_built=\u00a0\u00bb1&Prime; _builder_version=\u00a0\u00bb4.27.4&Prime; _module_preset=\u00a0\u00bbdefault\u00a0\u00bb background_color=\u00a0\u00bb#E8F1FD\u00a0\u00bb global_colors_info=\u00a0\u00bb{}\u00a0\u00bb][et_pb_row _builder_version=\u00a0\u00bb4.27.4&Prime; _module_preset=\u00a0\u00bbdefault\u00a0\u00bb global_colors_info=\u00a0\u00bb{}\u00a0\u00bb column_structure=\u00a0\u00bb1_2,1_2&Prime;][et_pb_column type=\u00a0\u00bb1_2&Prime; _builder_version=\u00a0\u00bb4.27.4&Prime; _module_preset=\u00a0\u00bbdefault\u00a0\u00bb global_colors_info=\u00a0\u00bb{}\u00a0\u00bb][et_pb_text _builder_version=\u00a0\u00bb4.27.4&Prime; _module_preset=\u00a0\u00bbdefault\u00a0\u00bb hover_enabled=\u00a0\u00bb0&Prime; global_colors_info=\u00a0\u00bb{}\u00a0\u00bb sticky_enabled=\u00a0\u00bb0&Prime;]<\/p>\n<h1>Certificats<\/h1>\n<p>Pour garantir la pleine satisfaction de nos clients, chez Linea Diagonal Internacional, S.L.U., nous misons sur une am\u00e9lioration continue, atteignant des niveaux \u00e9lev\u00e9s de qualit\u00e9 et obtenant les certifications correspondantes qui en t\u00e9moignent. <\/p>\n<p>[\/et_pb_text][\/et_pb_column][et_pb_column type=\u00a0\u00bb1_2&Prime; _builder_version=\u00a0\u00bb4.27.4&Prime; _module_preset=\u00a0\u00bbdefault\u00a0\u00bb global_colors_info=\u00a0\u00bb{}\u00a0\u00bb][\/et_pb_column][\/et_pb_row][et_pb_row column_structure=\u00a0\u00bb1_2,1_2&Prime; _builder_version=\u00a0\u00bb4.27.4&Prime; _module_preset=\u00a0\u00bbdefault\u00a0\u00bb global_colors_info=\u00a0\u00bb{}\u00a0\u00bb][et_pb_column type=\u00a0\u00bb1_2&Prime; _builder_version=\u00a0\u00bb4.27.4&Prime; _module_preset=\u00a0\u00bbdefault\u00a0\u00bb global_colors_info=\u00a0\u00bb{}\u00a0\u00bb][et_pb_blurb title=\u00a0\u00bbISO 9001&Prime; url=\u00a0\u00bbhttps:\/\/www.linea-diagonal.com\/wp-content\/uploads\/2025\/02\/9001-BUP-LINEA-DIAGONAL-INTERNACIONAL-S.L.U-INGLES.pdf\u00a0\u00bb url_new_window=\u00a0\u00bbon\u00a0\u00bb image=\u00a0\u00bbhttps:\/\/www.linea-diagonal.com\/wp-content\/uploads\/2025\/02\/cert9001.webp\u00a0\u00bb alt=\u00a0\u00bbCertification ISO 9001 Linea Diagonal\u00a0\u00bb module_class=\u00a0\u00bbcertificados\u00a0\u00bb _builder_version=\u00a0\u00bb4.27.4&Prime; _module_preset=\u00a0\u00bbdefault\u00a0\u00bb background_color=\u00a0\u00bb#FFFFFF\u00a0\u00bb link_option_url=\u00a0\u00bbhttps:\/\/www.linea-diagonal.com\/wp-content\/uploads\/2025\/02\/9001-BUP-LINEA-DIAGONAL-INTERNACIONAL-S.L.U-INGLES.pdf\u00a0\u00bb link_option_url_new_window=\u00a0\u00bbon\u00a0\u00bb custom_css_free_form=\u00a0\u00bb.certificados p {||  display:inline-block;||  padding:10px 30px!important;||  margin-top:15px;||  background-color:var(&#8211;dark-blue);||  color:white;||  transition:all 0.4s;||  cursor:pointer;||  text-transform:uppercase;||}||.certificados p:hover {||  opacity:0.6;||  transition:all 0.4s;||  cursor:pointer;||}||.certificados .et_pb_blurb_container {||  padding:30px;||  width:max-content!important;||}\u00a0\u00bb custom_css_blurb_image=\u00a0\u00bbmargin-bottom:0px;\u00a0\u00bb custom_css_blurb_title=\u00a0\u00bbwidth:max-content;\u00a0\u00bb custom_css_blurb_content=\u00a0\u00bbdisplay:flex;||flex-direction:row-reverse;||align-items:center;||gap:30px;\u00a0\u00bb global_colors_info=\u00a0\u00bb{}\u00a0\u00bb custom_css_blurb_image_last_edited=\u00a0\u00bbon|tablet\u00a0\u00bb custom_css_blurb_image_tablet=\u00a0\u00bb \u00a0\u00bb custom_css_blurb_content_last_edited=\u00a0\u00bbon|tablet\u00a0\u00bb custom_css_blurb_content_tablet=\u00a0\u00bb \u00a0\u00bb custom_css_blurb_image_phone=\u00a0\u00bb \u00a0\u00bb custom_css_blurb_content_phone=\u00a0\u00bb \u00ab\u00a0]<\/p>\n<p>Voir<\/p>\n<p>[\/et_pb_blurb][et_pb_blurb title=\u00a0\u00bbSANDACH\u00a0\u00bb url=\u00a0\u00bbhttps:\/\/www.linea-diagonal.com\/wp-content\/uploads\/2025\/02\/Resolucion-registro-SANDACH-30.06.2021-Linea-Diagonal.pdf\u00a0\u00bb url_new_window=\u00a0\u00bbon\u00a0\u00bb image=\u00a0\u00bbhttps:\/\/www.linea-diagonal.com\/wp-content\/uploads\/2025\/02\/certsandach.webp\u00a0\u00bb alt=\u00a0\u00bbCertification ISO 9001 Linea Diagonal\u00a0\u00bb module_class=\u00a0\u00bbcertificados\u00a0\u00bb _builder_version=\u00a0\u00bb4.27.4&Prime; _module_preset=\u00a0\u00bbdefault\u00a0\u00bb background_color=\u00a0\u00bb#FFFFFF\u00a0\u00bb link_option_url=\u00a0\u00bbhttps:\/\/www.linea-diagonal.com\/wp-content\/uploads\/2025\/02\/Resolucion-registro-SANDACH-30.06.2021-Linea-Diagonal.pdf\u00a0\u00bb link_option_url_new_window=\u00a0\u00bbon\u00a0\u00bb custom_css_free_form=\u00a0\u00bb.certificados p {||  display:inline-block;||  padding:10px 30px!important;||  margin-top:15px;||  background-color:var(&#8211;dark-blue);||  color:white;||  transition:all 0.4s;||  cursor:pointer;||  text-transform:uppercase;||}||.certificados p:hover {||  opacity:0.6;||  transition:all 0.4s;||  cursor:pointer;||}||.certificados .et_pb_blurb_container {||  padding:30px;||  width:max-content!important;||}\u00a0\u00bb custom_css_blurb_image=\u00a0\u00bbmargin-bottom:0px;\u00a0\u00bb custom_css_blurb_title=\u00a0\u00bbwidth:max-content;\u00a0\u00bb custom_css_blurb_content=\u00a0\u00bbdisplay:flex;||flex-direction:row-reverse;||align-items:center;||gap:30px;\u00a0\u00bb global_colors_info=\u00a0\u00bb{}\u00a0\u00bb custom_css_blurb_image_last_edited=\u00a0\u00bbon|tablet\u00a0\u00bb custom_css_blurb_image_tablet=\u00a0\u00bb \u00a0\u00bb custom_css_blurb_content_last_edited=\u00a0\u00bbon|tablet\u00a0\u00bb custom_css_blurb_content_tablet=\u00a0\u00bb \u00a0\u00bb custom_css_blurb_image_phone=\u00a0\u00bb \u00a0\u00bb custom_css_blurb_content_phone=\u00a0\u00bb \u00ab\u00a0]<\/p>\n<p>Voir<\/p>\n<p>[\/et_pb_blurb][et_pb_blurb title=\u00a0\u00bbENREGISTREMENT SANITAIRE\u00a0\u00bb url=\u00a0\u00bbhttps:\/\/www.linea-diagonal.com\/wp-content\/uploads\/2025\/02\/Registre-sanitari_Linea-Diagonal.pdf\u00a0\u00bb url_new_window=\u00a0\u00bbon\u00a0\u00bb image=\u00a0\u00bbhttps:\/\/www.linea-diagonal.com\/wp-content\/uploads\/2025\/02\/salut3.jpg\u00a0\u00bb alt=\u00a0\u00bbCertification ISO 9001 Linea Diagonal\u00a0\u00bb module_class=\u00a0\u00bbcertificados\u00a0\u00bb _builder_version=\u00a0\u00bb4.27.4&Prime; _module_preset=\u00a0\u00bbdefault\u00a0\u00bb background_color=\u00a0\u00bb#FFFFFF\u00a0\u00bb link_option_url=\u00a0\u00bbhttps:\/\/www.linea-diagonal.com\/wp-content\/uploads\/2025\/02\/Registre-sanitari_Linea-Diagonal.pdf\u00a0\u00bb link_option_url_new_window=\u00a0\u00bbon\u00a0\u00bb custom_css_free_form=\u00a0\u00bb.certificados p {||  display:inline-block;||  padding:10px 30px!important;||  margin-top:15px;||  background-color:var(&#8211;dark-blue);||  color:white;||  transition:all 0.4s;||  cursor:pointer;||  text-transform:uppercase;||}||.certificados p:hover {||  opacity:0.6;||  transition:all 0.4s;||  cursor:pointer;||}||.certificados .et_pb_blurb_container {||  padding:30px;||  width:max-content!important;||}\u00a0\u00bb custom_css_blurb_image=\u00a0\u00bbmargin-bottom:0px;\u00a0\u00bb custom_css_blurb_title=\u00a0\u00bbwidth:max-content;\u00a0\u00bb custom_css_blurb_content=\u00a0\u00bbdisplay:flex;||flex-direction:row-reverse;||align-items:center;||gap:30px;\u00a0\u00bb global_colors_info=\u00a0\u00bb{}\u00a0\u00bb custom_css_blurb_image_last_edited=\u00a0\u00bbon|tablet\u00a0\u00bb custom_css_blurb_image_tablet=\u00a0\u00bb \u00a0\u00bb custom_css_blurb_content_last_edited=\u00a0\u00bbon|tablet\u00a0\u00bb custom_css_blurb_content_tablet=\u00a0\u00bb \u00a0\u00bb custom_css_blurb_image_phone=\u00a0\u00bb \u00a0\u00bb custom_css_blurb_content_phone=\u00a0\u00bb \u00ab\u00a0]<\/p>\n<p>Voir<\/p>\n<p>[\/et_pb_blurb][\/et_pb_column][et_pb_column type=\u00a0\u00bb1_2&Prime; _builder_version=\u00a0\u00bb4.27.4&Prime; _module_preset=\u00a0\u00bbdefault\u00a0\u00bb global_colors_info=\u00a0\u00bb{}\u00a0\u00bb][et_pb_blurb title=\u00a0\u00bbISO 14001&Prime; url=\u00a0\u00bbhttps:\/\/www.linea-diagonal.com\/wp-content\/uploads\/2025\/02\/14001-BUQ-LINEA-DIAGONAL-INTERNACIONAL-S.L.U-INGLES.pdf\u00a0\u00bb url_new_window=\u00a0\u00bbon\u00a0\u00bb image=\u00a0\u00bbhttps:\/\/www.linea-diagonal.com\/wp-content\/uploads\/2025\/02\/cert14001.webp\u00a0\u00bb alt=\u00a0\u00bbCertification ISO 9001 Linea Diagonal\u00a0\u00bb module_class=\u00a0\u00bbcertificados\u00a0\u00bb _builder_version=\u00a0\u00bb4.27.4&Prime; _module_preset=\u00a0\u00bbdefault\u00a0\u00bb background_color=\u00a0\u00bb#FFFFFF\u00a0\u00bb link_option_url=\u00a0\u00bbhttps:\/\/www.linea-diagonal.com\/wp-content\/uploads\/2025\/02\/14001-BUQ-LINEA-DIAGONAL-INTERNACIONAL-S.L.U-INGLES.pdf\u00a0\u00bb link_option_url_new_window=\u00a0\u00bbon\u00a0\u00bb custom_css_free_form=\u00a0\u00bb.certificados p {||  display:inline-block;||  padding:10px 30px!important;||  margin-top:15px;||  background-color:var(&#8211;dark-blue);||  color:white;||  transition:all 0.4s;||  cursor:pointer;||  text-transform:uppercase;||}||.certificados p:hover {||  opacity:0.6;||  transition:all 0.4s;||  cursor:pointer;||}||.certificados .et_pb_blurb_container {||  padding:30px;||  width:max-content!important;||}\u00a0\u00bb custom_css_blurb_image=\u00a0\u00bbmargin-bottom:0px;\u00a0\u00bb custom_css_blurb_title=\u00a0\u00bbwidth:max-content;\u00a0\u00bb custom_css_blurb_content=\u00a0\u00bbdisplay:flex;||flex-direction:row-reverse;||align-items:center;||gap:30px;\u00a0\u00bb global_colors_info=\u00a0\u00bb{}\u00a0\u00bb custom_css_blurb_image_last_edited=\u00a0\u00bbon|tablet\u00a0\u00bb custom_css_blurb_image_tablet=\u00a0\u00bb \u00a0\u00bb custom_css_blurb_content_last_edited=\u00a0\u00bbon|tablet\u00a0\u00bb custom_css_blurb_content_tablet=\u00a0\u00bb \u00a0\u00bb custom_css_blurb_image_phone=\u00a0\u00bb \u00a0\u00bb custom_css_blurb_content_phone=\u00a0\u00bb \u00ab\u00a0]<\/p>\n<p>Voir<\/p>\n<p>[\/et_pb_blurb][et_pb_blurb title=\u00a0\u00bbGDP\u00a0\u00bb url=\u00a0\u00bbhttps:\/\/www.linea-diagonal.com\/wp-content\/uploads\/2025\/02\/20064744-GDP_GUIA-DE-BUENAS-PRACTICAS-DISTRIBUCION-LINEA-DIAGONAL-INTERNACIONAL-S.L.U-ESPANOL-1.pdf\u00a0\u00bb url_new_window=\u00a0\u00bbon\u00a0\u00bb image=\u00a0\u00bbhttps:\/\/www.linea-diagonal.com\/wp-content\/uploads\/2025\/02\/certgdp.webp\u00a0\u00bb alt=\u00a0\u00bbCertification ISO 9001 Linea Diagonal\u00a0\u00bb module_class=\u00a0\u00bbcertificados\u00a0\u00bb _builder_version=\u00a0\u00bb4.27.4&Prime; _module_preset=\u00a0\u00bbdefault\u00a0\u00bb background_color=\u00a0\u00bb#FFFFFF\u00a0\u00bb link_option_url=\u00a0\u00bbhttps:\/\/www.linea-diagonal.com\/wp-content\/uploads\/2025\/02\/20064744-GDP_GUIA-DE-BUENAS-PRACTICAS-DISTRIBUCION-LINEA-DIAGONAL-INTERNACIONAL-S.L.U-ESPANOL-1.pdf\u00a0\u00bb link_option_url_new_window=\u00a0\u00bbon\u00a0\u00bb custom_css_free_form=\u00a0\u00bb.certificados p {||  display:inline-block;||  padding:10px 30px!important;||  margin-top:15px;||  background-color:var(&#8211;dark-blue);||  color:white;||  transition:all 0.4s;||  cursor:pointer;||  text-transform:uppercase;||}||.certificados p:hover {||  opacity:0.6;||  transition:all 0.4s;||  cursor:pointer;||}||.certificados .et_pb_blurb_container {||  padding:30px;||  width:max-content!important;||}\u00a0\u00bb custom_css_blurb_image=\u00a0\u00bbmargin-bottom:0px;\u00a0\u00bb custom_css_blurb_title=\u00a0\u00bbwidth:max-content;\u00a0\u00bb custom_css_blurb_content=\u00a0\u00bbdisplay:flex;||flex-direction:row-reverse;||align-items:center;||gap:30px;\u00a0\u00bb global_colors_info=\u00a0\u00bb{}\u00a0\u00bb custom_css_blurb_image_last_edited=\u00a0\u00bbon|tablet\u00a0\u00bb custom_css_blurb_image_tablet=\u00a0\u00bb \u00a0\u00bb custom_css_blurb_content_last_edited=\u00a0\u00bbon|tablet\u00a0\u00bb custom_css_blurb_content_tablet=\u00a0\u00bb \u00a0\u00bb custom_css_blurb_image_phone=\u00a0\u00bb \u00a0\u00bb custom_css_blurb_content_phone=\u00a0\u00bb \u00ab\u00a0]<\/p>\n<p>Voir<\/p>\n<p>[\/et_pb_blurb][\/et_pb_column][\/et_pb_row][\/et_pb_section]<\/p>\n","protected":false},"excerpt":{"rendered":"<p>Certificats Pour garantir la pleine satisfaction de nos clients, chez Linea Diagonal Internacional, S.L.U., nous misons sur une am\u00e9lioration continue, atteignant des niveaux \u00e9lev\u00e9s de qualit\u00e9 et obtenant les certifications correspondantes qui en t\u00e9moignent. VoirVoirVoirVoirVoir<\/p>\n","protected":false},"author":1,"featured_media":0,"parent":0,"menu_order":0,"comment_status":"closed","ping_status":"closed","template":"","meta":{"_et_pb_use_builder":"on","_et_pb_old_content":"","_et_gb_content_width":"","footnotes":""},"class_list":["post-2069","page","type-page","status-publish","hentry"],"_links":{"self":[{"href":"https:\/\/www.linea-diagonal.com\/fr\/wp-json\/wp\/v2\/pages\/2069","targetHints":{"allow":["GET"]}}],"collection":[{"href":"https:\/\/www.linea-diagonal.com\/fr\/wp-json\/wp\/v2\/pages"}],"about":[{"href":"https:\/\/www.linea-diagonal.com\/fr\/wp-json\/wp\/v2\/types\/page"}],"author":[{"embeddable":true,"href":"https:\/\/www.linea-diagonal.com\/fr\/wp-json\/wp\/v2\/users\/1"}],"replies":[{"embeddable":true,"href":"https:\/\/www.linea-diagonal.com\/fr\/wp-json\/wp\/v2\/comments?post=2069"}],"version-history":[{"count":2,"href":"https:\/\/www.linea-diagonal.com\/fr\/wp-json\/wp\/v2\/pages\/2069\/revisions"}],"predecessor-version":[{"id":2071,"href":"https:\/\/www.linea-diagonal.com\/fr\/wp-json\/wp\/v2\/pages\/2069\/revisions\/2071"}],"wp:attachment":[{"href":"https:\/\/www.linea-diagonal.com\/fr\/wp-json\/wp\/v2\/media?parent=2069"}],"curies":[{"name":"wp","href":"https:\/\/api.w.org\/{rel}","templated":true}]}}