{"id":2072,"date":"2024-12-19T12:43:50","date_gmt":"2024-12-19T11:43:50","guid":{"rendered":"https:\/\/www.linea-diagonal.com\/mentions-legales\/"},"modified":"2025-03-20T08:54:54","modified_gmt":"2025-03-20T07:54:54","slug":"mentions-legales","status":"publish","type":"page","link":"https:\/\/www.linea-diagonal.com\/fr\/mentions-legales\/","title":{"rendered":"Mentions l\u00e9gales"},"content":{"rendered":"\n<p>Conform\u00e9ment au R\u00e8glement G\u00e9n\u00e9ral sur la Protection des Donn\u00e9es (RGPD), nous vous informons que nous traiterons vos donn\u00e9es personnelles aux fins suivantes : [Vous fournir ou vous livrer le service ou le produit contract\u00e9 et vous informer sur les produits ou services publi\u00e9s sur notre site web]<\/p>\n\n<p>Les donn\u00e9es personnelles fournies seront conserv\u00e9es tant que la relation commerciale sera maintenue, sauf si l\u2019int\u00e9ress\u00e9 en demande la suppression, ou pendant 1 an \u00e0 compter de la derni\u00e8re confirmation d\u2019int\u00e9r\u00eat, ou pendant la p\u00e9riode n\u00e9cessaire pour se conformer aux obligations l\u00e9gales.<\/p>\n\n<p>L\u2019entreprise ne prendra aucune d\u00e9cision automatis\u00e9e. Les donn\u00e9es ne seront pas transmises \u00e0 des tiers, sauf en cas d\u2019obligation l\u00e9gale, et seront trait\u00e9es sur la base de [su consentimiento o ejecuci\u00f3n de un contrato]. <\/p>\n\n<p>De m\u00eame, nous vous informons de la possibilit\u00e9 d&rsquo;exercer les droits suivants sur vos donn\u00e9es personnelles : droit d&rsquo;acc\u00e8s, de rectification, de suppression ou d&rsquo;oubli, de limitation, d&rsquo;opposition, de portabilit\u00e9 et de retrait du consentement donn\u00e9. Pour ce faire, vous pouvez envoyer un email \u00e0: <a href=\"mailto:info@linea-diagonal.com\">info@linea-diagonal.com<\/a> <\/p>\n\n<p>De plus, l\u2019int\u00e9ress\u00e9 peut s\u2019adresser \u00e0 l\u2019Autorit\u00e9 de Contr\u00f4le en mati\u00e8re de Protection des Donn\u00e9es comp\u00e9tente pour obtenir des informations suppl\u00e9mentaires ou d\u00e9poser une r\u00e9clamation.<\/p>\n\n<p>Donn\u00e9es d\u2019identification du responsable:<br\/>LINEA DIAGONAL INTERNACIONAL, S.L.U. B30726137,<br\/>P.I. CLOT DE MOJA \u2013 C\/ULL DE LLEBRE, 13,<br\/>BAJO 1 \u2013 08734 \u2013 OLERDOLA \u2013 BARCELONA,<\/p>\n","protected":false},"excerpt":{"rendered":"<p>Conform\u00e9ment au R\u00e8glement G\u00e9n\u00e9ral sur la Protection des Donn\u00e9es (RGPD), nous vous informons que nous traiterons vos donn\u00e9es personnelles aux fins suivantes : [Vous fournir ou vous livrer le service ou le produit contract\u00e9 et vous informer sur les produits ou services publi\u00e9s sur notre site web] Les donn\u00e9es personnelles fournies seront conserv\u00e9es tant que [&hellip;]<\/p>\n","protected":false},"author":1,"featured_media":0,"parent":0,"menu_order":0,"comment_status":"closed","ping_status":"closed","template":"","meta":{"_et_pb_use_builder":"off","_et_pb_old_content":"","_et_gb_content_width":"","footnotes":""},"class_list":["post-2072","page","type-page","status-publish","hentry"],"_links":{"self":[{"href":"https:\/\/www.linea-diagonal.com\/fr\/wp-json\/wp\/v2\/pages\/2072","targetHints":{"allow":["GET"]}}],"collection":[{"href":"https:\/\/www.linea-diagonal.com\/fr\/wp-json\/wp\/v2\/pages"}],"about":[{"href":"https:\/\/www.linea-diagonal.com\/fr\/wp-json\/wp\/v2\/types\/page"}],"author":[{"embeddable":true,"href":"https:\/\/www.linea-diagonal.com\/fr\/wp-json\/wp\/v2\/users\/1"}],"replies":[{"embeddable":true,"href":"https:\/\/www.linea-diagonal.com\/fr\/wp-json\/wp\/v2\/comments?post=2072"}],"version-history":[{"count":1,"href":"https:\/\/www.linea-diagonal.com\/fr\/wp-json\/wp\/v2\/pages\/2072\/revisions"}],"predecessor-version":[{"id":2073,"href":"https:\/\/www.linea-diagonal.com\/fr\/wp-json\/wp\/v2\/pages\/2072\/revisions\/2073"}],"wp:attachment":[{"href":"https:\/\/www.linea-diagonal.com\/fr\/wp-json\/wp\/v2\/media?parent=2072"}],"curies":[{"name":"wp","href":"https:\/\/api.w.org\/{rel}","templated":true}]}}